{"id":2,"date":"2013-11-06T11:55:36","date_gmt":"2013-11-06T11:55:36","guid":{"rendered":"http:\/\/cfp6-cifpa.edu.ar\/asamblea\/?page_id=2"},"modified":"2024-12-06T17:28:38","modified_gmt":"2024-12-06T20:28:38","slug":"pagina-ejemplo","status":"publish","type":"page","link":"http:\/\/cfp6-cifpa.edu.ar\/asamblea\/","title":{"rendered":"Presentaci\u00f3n a la primera edici\u00f3n"},"content":{"rendered":"\n<p class=\"has-black-color has-text-color has-link-color wp-elements-5f50e82b4b8c1c3a1ad652340c1ce996\"><em>ASAMBLEA<\/em>, la revista del Centro de Formaci\u00f3n Profesional N\u00b06 ha decidido iniciar su recorrido, sostenida entre paradojas. Se presenta a fines del ciclo lectivo 2024 para dar inicio a la posibilidad de funcionar como espacio de encuentro entre oficios y saberes, reflexiones y acciones, producciones y debates que hacen al quehacer cotidiano de quienes habitamos esta escuela. Una <strong>escuela<\/strong> poblada por una multiplicidad de edades, formas, colores, nacionalidades, alturas, g\u00e9neros, creencias, texturas y velocidades.<\/p>\n\n\n\n<p class=\"has-black-color has-text-color has-link-color wp-elements-13fa2eb5d9474b0d9291a57f589b07cf\">Inauguramos este espacio a<strong> contramarea<\/strong> de la agenda educativa, en un movimiento <strong>rebelde<\/strong> y <strong>optimista <\/strong>que nos vaticina que a\u00fan podemos hacer iniciaciones en momentos en los que un ciclo pareciera finalizar. Tambi\u00e9n como testimonio de las formas en que logramos interrumpir el ritmo vertiginoso del calendario, de los horarios y corridas, para construir un tiempo-otro en el que podemos permitirnos idear y materalizar proyectos.<\/p>\n\n\n\n<p class=\"has-black-color has-text-color has-link-color wp-elements-db4b8ce5a0f5b125c1779a666a5d787c\">Esta revista nace de un <strong>deseo<\/strong>: un deseo que se comparti\u00f3, se colectiviz\u00f3 y encontr\u00f3 m\u00e1s personas que resonaron con la idea, le dieron cuerpo, tiempo, forma y<strong> ganas<\/strong>. <\/p>\n\n\n\n<p class=\"has-black-color has-text-color has-link-color wp-elements-cfac8343d980f7ffa1b5adee2cbb07d4\">Pretendemos construir una revista que piense la escuela y sus pr\u00e1cticas. En esta b\u00fasqueda, dimos forma a una imagen que recupera, actualiza y amplifica el viejo dise\u00f1o de las baldosas de nuestro patio, espacio que recorremos d\u00eda a d\u00eda y en el cual nos encontramos, nos cruzamos y nos entremezclamos. Creemos que en su huella se hacen visibles los juegos de convergencia y apertura que tanto insisten en las <strong>construcciones colectivas<\/strong> cotidianas.<\/p>\n\n\n\n<p class=\"has-black-color has-text-color has-link-color wp-elements-a296833aebeac1520798887e0af7712d\">Tenemos la convicci\u00f3n de que compartir lo que pensamos y hacemos, lo que nos preguntamos, lo que deseamos resulta indispensable para que podamos seguir creciendo como escuela y como personas, para  que podamos seguir encontr\u00e1ndonos con otres que no son como nosotrxs, y acaso <strong>potenciarnos.<\/strong><\/p>\n\n\n\n<p class=\"has-black-color has-text-color has-link-color wp-elements-443c05d66b604516572ecbd4bceadb51\">Por eso, invitamos a recorrer estas p\u00e1ginas que re\u00fanen algunas de todas las actividades y producciones que salen de nuestras aulas, as\u00ed como a seguir sumando ideas, aportes, miradas y ganas.<\/p>\n\n\n\n<p><\/p>\n\n\n\n<hr class=\"wp-block-separator has-alpha-channel-opacity is-style-dots\"\/>\n\n\n\n<figure class=\"wp-block-image size-large is-resized\"><a href=\"http:\/\/cfp6-cifpa.edu.ar\/asamblea\/wp-content\/uploads\/2024\/11\/naturaleza3-scaled.jpg\"><img loading=\"lazy\" decoding=\"async\" width=\"1024\" height=\"387\" src=\"http:\/\/cfp6-cifpa.edu.ar\/asamblea\/wp-content\/uploads\/2024\/11\/naturaleza3-1024x387.jpg\" alt=\"\" class=\"wp-image-117\" style=\"width:820px;height:auto\" srcset=\"http:\/\/cfp6-cifpa.edu.ar\/asamblea\/wp-content\/uploads\/2024\/11\/naturaleza3-1024x387.jpg 1024w, http:\/\/cfp6-cifpa.edu.ar\/asamblea\/wp-content\/uploads\/2024\/11\/naturaleza3-300x113.jpg 300w, http:\/\/cfp6-cifpa.edu.ar\/asamblea\/wp-content\/uploads\/2024\/11\/naturaleza3-768x290.jpg 768w, http:\/\/cfp6-cifpa.edu.ar\/asamblea\/wp-content\/uploads\/2024\/11\/naturaleza3-1536x581.jpg 1536w, http:\/\/cfp6-cifpa.edu.ar\/asamblea\/wp-content\/uploads\/2024\/11\/naturaleza3-2048x774.jpg 2048w, http:\/\/cfp6-cifpa.edu.ar\/asamblea\/wp-content\/uploads\/2024\/11\/naturaleza3-238x90.jpg 238w\" sizes=\"auto, (max-width: 1024px) 100vw, 1024px\" \/><\/a><figcaption class=\"wp-element-caption\">Fotograf\u00eda de Jess<\/figcaption><\/figure>\n\n\n\n<p><\/p>\n\n\n\n<p class=\"has-text-color has-background has-link-color wp-elements-be21c0b1b5f7dcbfec6abecb69531dc8\" style=\"color:#252525;background-color:#eaeaea\"><strong>Conformamos el Equipo Editor de la Revista:<\/strong> Silvana D&#8217;Aversa, Alejandro Fern\u00e1ndez, Andrea Menga, Marcelo Moretti, Renata Piris, Ver\u00f3nica Scardamaglia, Sergio Tielli.<\/p>\n\n\n\n<p class=\"has-text-color has-background has-link-color wp-elements-3721ad7889cc16d352c7aca4c7f01877\" style=\"color:#252525;background-color:#eaeaea\"><strong>Im\u00e1genes<\/strong>: Estudiantes del trayecto de Fotograf\u00eda del CFP N\u00b0 6 coordinado por la fot\u00f3grafa y profesora Carolina Nicora.<\/p>\n\n\n\n<p><\/p>\n","protected":false},"excerpt":{"rendered":"<p>ASAMBLEA, la revista del Centro de Formaci\u00f3n Profesional N\u00b06 ha decidido iniciar su recorrido, sostenida entre paradojas. Se presenta a fines del ciclo lectivo 2024 para dar inicio a la posibilidad de funcionar como espacio de encuentro entre oficios y saberes, reflexiones y acciones, producciones y debates que hacen al quehacer cotidiano de quienes habitamos<\/p>\n","protected":false},"author":2,"featured_media":0,"parent":0,"menu_order":0,"comment_status":"open","ping_status":"open","template":"","meta":{"footnotes":""},"class_list":["post-2","page","type-page","status-publish","hentry"],"_links":{"self":[{"href":"http:\/\/cfp6-cifpa.edu.ar\/asamblea\/wp-json\/wp\/v2\/pages\/2","targetHints":{"allow":["GET"]}}],"collection":[{"href":"http:\/\/cfp6-cifpa.edu.ar\/asamblea\/wp-json\/wp\/v2\/pages"}],"about":[{"href":"http:\/\/cfp6-cifpa.edu.ar\/asamblea\/wp-json\/wp\/v2\/types\/page"}],"author":[{"embeddable":true,"href":"http:\/\/cfp6-cifpa.edu.ar\/asamblea\/wp-json\/wp\/v2\/users\/2"}],"replies":[{"embeddable":true,"href":"http:\/\/cfp6-cifpa.edu.ar\/asamblea\/wp-json\/wp\/v2\/comments?post=2"}],"version-history":[{"count":18,"href":"http:\/\/cfp6-cifpa.edu.ar\/asamblea\/wp-json\/wp\/v2\/pages\/2\/revisions"}],"predecessor-version":[{"id":732,"href":"http:\/\/cfp6-cifpa.edu.ar\/asamblea\/wp-json\/wp\/v2\/pages\/2\/revisions\/732"}],"wp:attachment":[{"href":"http:\/\/cfp6-cifpa.edu.ar\/asamblea\/wp-json\/wp\/v2\/media?parent=2"}],"curies":[{"name":"wp","href":"https:\/\/api.w.org\/{rel}","templated":true}]}}